{"id":8,"date":"2025-10-21T13:55:39","date_gmt":"2025-10-21T13:55:39","guid":{"rendered":"https:\/\/marktech.cd\/?page_id=8"},"modified":"2025-10-21T13:55:39","modified_gmt":"2025-10-21T13:55:39","slug":"maktech","status":"publish","type":"page","link":"https:\/\/marktech.cd\/?page_id=8","title":{"rendered":"MAKTECH"},"content":{"rendered":"\n<p><strong>MAKTECH<\/strong> est un bureau d&rsquo;ing\u00e9nierie disposant d&rsquo;un centre de formation en syst\u00e8mes d&rsquo;information et t\u00e9l\u00e9communications, en gestion et supervision de projets, en \u00e9tudes de faisabilit\u00e9, en installation d&rsquo;\u00e9quipements de t\u00e9l\u00e9communications et en kits solaires. Ind\u00e9pendant de tout produit ou fournisseur,<\/p>\n\n\n\n<p>Notre expertise en t\u00e9l\u00e9communications et r\u00e9seaux informatiques est centr\u00e9e sur l&rsquo;int\u00e9gration de syst\u00e8mes h\u00e9t\u00e9rog\u00e8nes. Notre objectif est de d\u00e9finir nos priorit\u00e9s en fonction des int\u00e9r\u00eats de nos clients, sans nous exposer aux conflits d&rsquo;int\u00e9r\u00eats inh\u00e9rents \u00e0 la commercialisation de produits sp\u00e9cifiques. C&rsquo;est pourquoi nous veillons \u00e0 ce que les objectifs du projet soient d\u00e9finis de mani\u00e8re pr\u00e9cise et mesurable, quelle que soit la solution technique.<\/p>\n\n\n\n<p>La convergence des syst\u00e8mes d&rsquo;information et de t\u00e9l\u00e9communications offre aux entreprises de nouvelles opportunit\u00e9s.<\/p>\n","protected":false},"excerpt":{"rendered":"<p>MAKTECH est un bureau d&rsquo;ing\u00e9nierie disposant d&rsquo;un centre de formation en syst\u00e8mes d&rsquo;information et t\u00e9l\u00e9communications, en gestion et supervision de projets, en \u00e9tudes de faisabilit\u00e9, en installation d&rsquo;\u00e9quipements de t\u00e9l\u00e9communications et en kits solaires. Ind\u00e9pendant de tout produit ou fournisseur, Notre expertise en t\u00e9l\u00e9communications et r\u00e9seaux informatiques est centr\u00e9e sur l&rsquo;int\u00e9gration de syst\u00e8mes h\u00e9t\u00e9rog\u00e8nes. Notre\u2026<\/p>\n","protected":false},"author":1,"featured_media":0,"parent":0,"menu_order":0,"comment_status":"closed","ping_status":"closed","template":"","meta":{"footnotes":""},"class_list":["post-8","page","type-page","status-publish","hentry"],"_links":{"self":[{"href":"https:\/\/marktech.cd\/index.php?rest_route=\/wp\/v2\/pages\/8","targetHints":{"allow":["GET"]}}],"collection":[{"href":"https:\/\/marktech.cd\/index.php?rest_route=\/wp\/v2\/pages"}],"about":[{"href":"https:\/\/marktech.cd\/index.php?rest_route=\/wp\/v2\/types\/page"}],"author":[{"embeddable":true,"href":"https:\/\/marktech.cd\/index.php?rest_route=\/wp\/v2\/users\/1"}],"replies":[{"embeddable":true,"href":"https:\/\/marktech.cd\/index.php?rest_route=%2Fwp%2Fv2%2Fcomments&post=8"}],"version-history":[{"count":1,"href":"https:\/\/marktech.cd\/index.php?rest_route=\/wp\/v2\/pages\/8\/revisions"}],"predecessor-version":[{"id":9,"href":"https:\/\/marktech.cd\/index.php?rest_route=\/wp\/v2\/pages\/8\/revisions\/9"}],"wp:attachment":[{"href":"https:\/\/marktech.cd\/index.php?rest_route=%2Fwp%2Fv2%2Fmedia&parent=8"}],"curies":[{"name":"wp","href":"https:\/\/api.w.org\/{rel}","templated":true}]}}