{"id":7,"date":"2025-10-21T13:52:26","date_gmt":"2025-10-21T13:52:26","guid":{"rendered":"https:\/\/marktech.cd\/?page_id=7"},"modified":"2026-03-05T23:13:58","modified_gmt":"2026-03-05T23:13:58","slug":"home","status":"publish","type":"page","link":"https:\/\/marktech.cd\/","title":{"rendered":"Accueil"},"content":{"rendered":"\n<div class=\"wp-block-group alignfull is-content-justification-center\" style=\"margin-top:0;margin-bottom:0;padding-top:calc( 0.5 * var(--wp--style--root--padding-right, var(--wp--custom--gap--horizontal)));padding-right:var(--wp--style--root--padding-right, var(--wp--custom--gap--horizontal));padding-bottom:calc( 0.5 * var(--wp--style--root--padding-right, var(--wp--custom--gap--horizontal)));padding-left:var(--wp--style--root--padding-left, var(--wp--custom--gap--horizontal))\"><div class=\"wp-block-group__inner-container is-layout-constrained wp-container-core-group-is-layout-b073b61b wp-block-group-is-layout-constrained\">\n<div style=\"height:calc( 0.25 * var(--wp--style--root--padding-right, var(--wp--custom--gap--horizontal)))\" aria-hidden=\"true\" class=\"wp-block-spacer\"><\/div>\n\n\n\n<div style=\"height:calc( 0.25 * var(--wp--style--root--padding-right, var(--wp--custom--gap--horizontal)))\" aria-hidden=\"true\" class=\"wp-block-spacer\"><\/div>\n<\/div><\/div>\n\n\n\n<div class=\"wp-block-group alignfull is-vertical is-layout-flex wp-container-core-group-is-layout-fc101b4e wp-block-group-is-layout-flex\" style=\"margin-top:0;margin-bottom:0;padding-top:calc( 0.5 * var(--wp--style--root--padding-right, var(--wp--custom--gap--horizontal)));padding-right:var(--wp--style--root--padding-right, var(--wp--custom--gap--horizontal));padding-bottom:calc( 0.5 * var(--wp--style--root--padding-right, var(--wp--custom--gap--horizontal)));padding-left:var(--wp--style--root--padding-left, var(--wp--custom--gap--horizontal))\">\n<div style=\"height:0px;width:0px\" aria-hidden=\"true\" class=\"wp-block-spacer wp-container-content-ff24c794\"><\/div>\n\n\n\n<div class=\"wp-block-columns alignwide is-layout-flex wp-container-core-columns-is-layout-65786054 wp-block-columns-is-layout-flex\">\n<div class=\"wp-block-column is-layout-flow wp-block-column-is-layout-flow\">\n<figure class=\"wp-block-image size-full\"><img fetchpriority=\"high\" decoding=\"async\" width=\"1920\" height=\"1080\" src=\"https:\/\/marktech.cd\/wp-content\/uploads\/2026\/03\/king-bed-1-1920x1080-1.webp\" alt=\"\" class=\"wp-image-128\" style=\"aspect-ratio:4\/3;object-fit:cover\" srcset=\"https:\/\/marktech.cd\/wp-content\/uploads\/2026\/03\/king-bed-1-1920x1080-1.webp 1920w, https:\/\/marktech.cd\/wp-content\/uploads\/2026\/03\/king-bed-1-1920x1080-1-300x169.webp 300w, https:\/\/marktech.cd\/wp-content\/uploads\/2026\/03\/king-bed-1-1920x1080-1-1024x576.webp 1024w, https:\/\/marktech.cd\/wp-content\/uploads\/2026\/03\/king-bed-1-1920x1080-1-768x432.webp 768w, https:\/\/marktech.cd\/wp-content\/uploads\/2026\/03\/king-bed-1-1920x1080-1-1536x864.webp 1536w, https:\/\/marktech.cd\/wp-content\/uploads\/2026\/03\/king-bed-1-1920x1080-1-600x338.webp 600w\" sizes=\"(max-width: 1920px) 100vw, 1920px\" \/><\/figure>\n\n\n\n<div style=\"height:4px\" aria-hidden=\"true\" class=\"wp-block-spacer\"><\/div>\n\n\n\n<div class=\"wp-block-group\"><div class=\"wp-block-group__inner-container is-layout-flow wp-block-group-is-layout-flow\">\n<h3 class=\"wp-block-heading\">Chambre Deluxe &#8211; 250$ la nuit\u00e9e<\/h3>\n<\/div><\/div>\n\n\n\n<p>Une suite \u00e9l\u00e9gante et spacieuse con\u00e7ue pour un s\u00e9jour luxueux. Elle dispose d\u2019un grand lit, d\u2019un salon priv\u00e9, d\u2019une salle de bain moderne, de la climatisation, du Wi-Fi et d\u2019\u00e9quipements haut de gamme pour un confort exceptionnel.<\/p>\n\n\n\n<form action=\"https:\/\/marchand.maishapay.online\/payment\/vers1.0\/merchant\/checkout\" method=\"POST\">\n  <input type=\"hidden\" name=\"gatewayMode\" value=1> \n  <input type=\"hidden\" name=\"publicApiKey\" value=\"MP-LIVEPK-$3\/gimdL$gn6h9btNDD1G$eRDaOerkaCzL6UR4OGOYy08xbBNp825BaC4C6h7Ah4ySX46Gy52JW1lY$KoXF3ZQ3$qnZJTY0$TD18C2rGeekSdP2e.bA8yOGD\">\n  <input type=\"hidden\" name=\"secretApiKey\" value=\"MP-LIVEPK-kdE7r$5n$OK9ogF0prIOmP4yOn.ZpdlQACbKFyIj6.XlDKT816wJSZkb5P3No5whf0hncKca29m27Dm2E\/6uh$u9c0$bwo1Q$CCkEpSRu1YAP2M7ysp6$jUQ\">\n  <input type=\"hidden\" name=\"montant\" value=\"250\">\n  <input type=\"hidden\" name=\"devise\" value=\"USD\">\n  <input type=\"hidden\" name=\"callbackUrl\" value=\"https:\/\/marktech.cd\/?page_id=57\">\n  <input type=\"submit\" value=\"Submit\"\nstyle=\"\nbackground:#F15D30; color:white;\nborder:none; padding:10px 22px; border-radius:8px; font-size:15px; font-weight:600; cursor:pointer; transition:0.3s; box-shadow:0 3px 8px rgba(0,0,0,0.15);\n\"onmouseover=\"this.style.background='#F15D30'\n\"onmouseout=\"this.style.background='#f97316'\" value=\"R\u00e9server\">\n<\/form>\n\n\n\n<div style=\"height:8px\" aria-hidden=\"true\" class=\"wp-block-spacer\"><\/div>\n<\/div>\n\n\n\n<div class=\"wp-block-column is-layout-flow wp-block-column-is-layout-flow\">\n<figure class=\"wp-block-image size-full\"><img decoding=\"async\" width=\"2000\" height=\"1333\" src=\"https:\/\/marktech.cd\/wp-content\/uploads\/2026\/03\/CLA-MAYFAIR-ROOM-MW-433-01-jpg.webp\" alt=\"\" class=\"wp-image-127\" style=\"aspect-ratio:4\/3;object-fit:cover\" srcset=\"https:\/\/marktech.cd\/wp-content\/uploads\/2026\/03\/CLA-MAYFAIR-ROOM-MW-433-01-jpg.webp 2000w, https:\/\/marktech.cd\/wp-content\/uploads\/2026\/03\/CLA-MAYFAIR-ROOM-MW-433-01-jpg-300x200.webp 300w, https:\/\/marktech.cd\/wp-content\/uploads\/2026\/03\/CLA-MAYFAIR-ROOM-MW-433-01-jpg-1024x682.webp 1024w, https:\/\/marktech.cd\/wp-content\/uploads\/2026\/03\/CLA-MAYFAIR-ROOM-MW-433-01-jpg-768x512.webp 768w, https:\/\/marktech.cd\/wp-content\/uploads\/2026\/03\/CLA-MAYFAIR-ROOM-MW-433-01-jpg-1536x1024.webp 1536w, https:\/\/marktech.cd\/wp-content\/uploads\/2026\/03\/CLA-MAYFAIR-ROOM-MW-433-01-jpg-600x400.webp 600w\" sizes=\"(max-width: 2000px) 100vw, 2000px\" \/><\/figure>\n\n\n\n<div style=\"height:4px\" aria-hidden=\"true\" class=\"wp-block-spacer\"><\/div>\n\n\n\n<div class=\"wp-block-group\"><div class=\"wp-block-group__inner-container is-layout-flow wp-block-group-is-layout-flow\">\n<h3 class=\"wp-block-heading\">Chambre Rossen &#8211; 100$ la nuit\u00e9e<\/h3>\n<\/div><\/div>\n\n\n\n<p>Un espace confortable et fonctionnel, id\u00e9al pour un s\u00e9jour agr\u00e9able. Elle est \u00e9quip\u00e9e d\u2019un lit confortable, d\u2019une salle de bain priv\u00e9e, de la climatisation, du Wi-Fi et d\u2019une t\u00e9l\u00e9vision, dans un cadre calme et accueillant.<\/p>\n\n\n\n<form action=\"https:\/\/marchand.maishapay.online\/payment\/vers1.0\/merchant\/checkout\" method=\"POST\">\n  <input type=\"hidden\" name=\"gatewayMode\" value=1> \n  <input type=\"hidden\" name=\"publicApiKey\" value=\"MP-LIVEPK-$3\/gimdL$gn6h9btNDD1G$eRDaOerkaCzL6UR4OGOYy08xbBNp825BaC4C6h7Ah4ySX46Gy52JW1lY$KoXF3ZQ3$qnZJTY0$TD18C2rGeekSdP2e.bA8yOGD\">\n  <input type=\"hidden\" name=\"secretApiKey\" value=\"MP-LIVEPK-kdE7r$5n$OK9ogF0prIOmP4yOn.ZpdlQACbKFyIj6.XlDKT816wJSZkb5P3No5whf0hncKca29m27Dm2E\/6uh$u9c0$bwo1Q$CCkEpSRu1YAP2M7ysp6$jUQ\">\n  <input type=\"hidden\" name=\"montant\" value=\"100\">\n  <input type=\"hidden\" name=\"devise\" value=\"USD\">\n  <input type=\"hidden\" name=\"callbackUrl\" value=\"https:\/\/marktech.cd\/?page_id=57\">\n  <input type=\"submit\" value=\"Submit\"\nstyle=\"\nbackground:#F15D30; color:white;\nborder:none; padding:10px 22px; border-radius:8px; font-size:15px; font-weight:600; cursor:pointer; transition:0.3s; box-shadow:0 3px 8px rgba(0,0,0,0.15);\n\"onmouseover=\"this.style.background='#F15D30'\n\"onmouseout=\"this.style.background='#f97316'\" value=\"R\u00e9server\">\n<\/form>\n<\/div>\n<\/div>\n\n\n\n<div style=\"height:0px;width:0px\" aria-hidden=\"true\" class=\"wp-block-spacer wp-container-content-ff24c794\"><\/div>\n<\/div>\n","protected":false},"excerpt":{"rendered":"<p>Chambre Deluxe &#8211; 250$ la nuit\u00e9e Une suite \u00e9l\u00e9gante et spacieuse con\u00e7ue pour un s\u00e9jour luxueux. Elle dispose d\u2019un grand lit, d\u2019un salon priv\u00e9, d\u2019une salle de bain moderne, de la climatisation, du Wi-Fi et d\u2019\u00e9quipements haut de gamme pour un confort exceptionnel. Chambre Rossen &#8211; 100$ la nuit\u00e9e Un espace confortable et fonctionnel, id\u00e9al\u2026<\/p>\n","protected":false},"author":1,"featured_media":0,"parent":0,"menu_order":0,"comment_status":"closed","ping_status":"closed","template":"","meta":{"footnotes":""},"class_list":["post-7","page","type-page","status-publish","hentry"],"_links":{"self":[{"href":"https:\/\/marktech.cd\/index.php?rest_route=\/wp\/v2\/pages\/7","targetHints":{"allow":["GET"]}}],"collection":[{"href":"https:\/\/marktech.cd\/index.php?rest_route=\/wp\/v2\/pages"}],"about":[{"href":"https:\/\/marktech.cd\/index.php?rest_route=\/wp\/v2\/types\/page"}],"author":[{"embeddable":true,"href":"https:\/\/marktech.cd\/index.php?rest_route=\/wp\/v2\/users\/1"}],"replies":[{"embeddable":true,"href":"https:\/\/marktech.cd\/index.php?rest_route=%2Fwp%2Fv2%2Fcomments&post=7"}],"version-history":[{"count":9,"href":"https:\/\/marktech.cd\/index.php?rest_route=\/wp\/v2\/pages\/7\/revisions"}],"predecessor-version":[{"id":156,"href":"https:\/\/marktech.cd\/index.php?rest_route=\/wp\/v2\/pages\/7\/revisions\/156"}],"wp:attachment":[{"href":"https:\/\/marktech.cd\/index.php?rest_route=%2Fwp%2Fv2%2Fmedia&parent=7"}],"curies":[{"name":"wp","href":"https:\/\/api.w.org\/{rel}","templated":true}]}}